{"id":167,"date":"2025-12-03T15:41:29","date_gmt":"2025-12-03T15:41:29","guid":{"rendered":"https:\/\/artebaz.com.ar\/sitio\/?page_id=167"},"modified":"2025-12-10T22:29:18","modified_gmt":"2025-12-10T22:29:18","slug":"cursos","status":"publish","type":"page","link":"https:\/\/artebaz.com.ar\/sitio\/cursos\/","title":{"rendered":"Cursos"},"content":{"rendered":"<div id=\"pl-167\"  class=\"panel-layout\" ><div id=\"pg-167-0\"  class=\"panel-grid panel-no-style\" ><div id=\"pgc-167-0-0\"  class=\"panel-grid-cell\" ><div id=\"panel-167-0-0-0\" class=\"so-panel widget widget_sow-editor panel-first-child panel-last-child\" data-index=\"0\" ><div\n\t\t\t\n\t\t\tclass=\"so-widget-sow-editor so-widget-sow-editor-base\"\n\t\t\t\n\t\t>\n<div class=\"siteorigin-widget-tinymce textwidget\">\n\t<p>ARTEBAZ<br \/>\nLa misi\u00f3n es:<\/p>\n<p>Ampliar el esp\u00edritu, sensibilidad e inteligencia creativa de cada alumno\/a;<br \/>\nColocarse en una actitud critica, de respeto y l\u00fadica hacia la propia obra;<br \/>\nDesarrollar la expresi\u00f3n y enriquecer el l\u00e9xico del lenguaje visual personal de cada alumno\/a.<br \/>\nColocar las leyes de la obra y la imaginaci\u00f3n al servicio del proceso creativo.<br \/>\nLas clases est\u00e1n orientadas a principiantes y avanzados.<\/p>\n<p>Profesionales y Licenciados encuentran aqu\u00ed un espacio para la ense\u00f1ar y compartir sus conocimientos con todas aquellas personas dispuestas a aprender y disfrutar del Arte. Se reciben proyectos de docentes que quieran dar cursos y seminarios en Artebaz.<\/p>\n<p>CRONOGRAMA:<\/p>\n<p>* TALLER DE DIBUJO, GRABADO, PINTURA Y T\u00c9CNICAS MIXTAS:<br \/>\nPara adolescentes y Adultos<\/p>\n<p>MARTES de 15 a 20hs (Clases de 2 1\/2 hs)<br \/>\nVIERNES de 9:30 a 12:30hs<br \/>\nSABADOS de 10 a 12:30hs<br \/>\nProf. Silvina Baz<\/p>\n<p>*TALLER DE ARTE PARA NI\u00d1OS\/AS y ADOLESCENTES:<\/p>\n<p>LUNES de 17 a 18:15hs<br \/>\nLUNES de 18:30 a 19:45hs<br \/>\nProf. Julieta Padilla y Emilia Tessi<\/p>\n<p>*SEMIANRIO INTENSIVO 2025:<br \/>\n\"LA ABSTRACCION\" Como crear una obra abstracta. Prof. Silvina Baz<br \/>\nAbierta la Inscripci\u00f3n.<br \/>\ninfo@artebaz.com.ar \/ CONTACTO<\/p>\n<p>Otras Actividades:<br \/>\nCLINICAS DE OBRAS<br \/>\nSEMINARIOS Y CURSOS<br \/>\nENCUENTROS DE ARTE<\/p>\n<p>Podes consultar por los CURSOS Y SEMINARIOS:<br \/>\n* \"LA ABSTRACCION EN LA OBRA DE ARTE\" - Te\u00f3rico-Practico<br \/>\n* \"EL COLOR EN LA MONOCOPIA\" - Te\u00f3rico-Practico<br \/>\n* \"DOS DIAS CON DEGAS\" An\u00e1lisis de la obra del artista + Taller de monotipos no-t\u00f3xicos.<br \/>\n* \"EL DIBUJO A PARTIR DE LA MANCHA\" - Te\u00f3rico-Practico<\/p>\n<p>Podes enviar tu correo a trav\u00e9s de CONTACTO para recibir informaci\u00f3n actualizada de cursos, seminarios y eventos.<\/p>\n<\/div>\n<\/div><\/div><\/div><\/div><div id=\"pg-167-1\"  class=\"panel-grid panel-no-style\" ><div id=\"pgc-167-1-0\"  class=\"panel-grid-cell\" ><div id=\"panel-167-1-0-0\" class=\"so-panel widget widget_sow-blog panel-first-child panel-last-child\" data-index=\"1\" ><div\n\t\t\t\n\t\t\tclass=\"so-widget-sow-blog so-widget-sow-blog-grid-ca9125e336ca-167\"\n\t\t\t\n\t\t>\t\t<div\n\t\tclass=\"sow-blog sow-blog-layout-grid\"\n\t\tdata-template=\"grid\"\n\t\tdata-settings=\"{&quot;columns&quot;:2,&quot;featured_image&quot;:true,&quot;featured_image_empty&quot;:true,&quot;featured_image_size&quot;:&quot;sow-blog-grid&quot;,&quot;featured_image_size_width&quot;:&quot;&quot;,&quot;featured_image_size_height&quot;:&quot;&quot;,&quot;tag&quot;:&quot;h2&quot;,&quot;content&quot;:&quot;excerpt&quot;,&quot;read_more&quot;:true,&quot;excerpt_length&quot;:55,&quot;so_field_container_state&quot;:&quot;open&quot;,&quot;trim_manual_excerpt&quot;:&quot;&quot;,&quot;date&quot;:&quot;&quot;,&quot;author&quot;:&quot;&quot;,&quot;filter_categories&quot;:false,&quot;categories&quot;:&quot;&quot;,&quot;tags&quot;:&quot;&quot;,&quot;comment_count&quot;:&quot;&quot;,&quot;template&quot;:&quot;grid&quot;}\"\n\t\tdata-paged=\"1\"\n\t\tdata-paging-id=\"ca9125e336ca\"\n\t\tdata-total-pages=\"1\"\n\t\tdata-hash=\"6183aa46\"\n\t>\n\t\t\n\t\t\t\t\t\t\t<div class=\"sow-blog-posts\">\n\t\t\t\t<article id=\"post-689\" class=\"post-689 post type-post status-publish format-standard has-post-thumbnail hentry category-arte-para-adolescentes-y-adultos category-cursos\" style=\"margin: 0 0 30px;\">\n\t\t\t\t\t<div class=\"sow-entry-thumbnail\">\n\t\t\t\t\t\t\t\t\t\t<a href=\"https:\/\/artebaz.com.ar\/sitio\/dibujo-con-modelo-vivo\/\">\n\t\t\t\t\t\t<img loading=\"lazy\" decoding=\"async\" width=\"670\" height=\"480\" src=\"https:\/\/artebaz.com.ar\/sitio\/wp-content\/uploads\/2025\/12\/se_20_image.jpg\" class=\"attachment-sow-blog-grid size-sow-blog-grid wp-post-image\" alt=\"\" srcset=\"https:\/\/artebaz.com.ar\/sitio\/wp-content\/uploads\/2025\/12\/se_20_image.jpg 998w, https:\/\/artebaz.com.ar\/sitio\/wp-content\/uploads\/2025\/12\/se_20_image-300x215.jpg 300w, https:\/\/artebaz.com.ar\/sitio\/wp-content\/uploads\/2025\/12\/se_20_image-768x550.jpg 768w, https:\/\/artebaz.com.ar\/sitio\/wp-content\/uploads\/2025\/12\/se_20_image-650x466.jpg 650w\" sizes=\"auto, (max-width: 670px) 100vw, 670px\" \/>\t\t\t\t\t<\/a>\n\t\t\t\t<\/div>\n\t\t\t\t\t\t\t<div class=\"sow-blog-content-wrapper\"\n\t\t style=\"padding: 25px 30px 33px;\">\n\t\t\t\t<header class=\"sow-entry-header\">\n\t\t\t<h2 class=\"sow-entry-title\" style=\"margin: 0 0 5px;\"><a href=\"https:\/\/artebaz.com.ar\/sitio\/dibujo-con-modelo-vivo\/\" rel=\"bookmark\">DIBUJO CON MODELO VIVO<\/a><\/h2>\t\t\t<div class=\"sow-entry-meta\">\n\t\t\t\t\n\t\t\n\t\t\n\t\t\t\t\t<\/div>\n\t\t<\/header>\n\n\t\t\t\t\t<div\n\t\t\t\tclass=\"sow-entry-content\"\n\t\t\t\tstyle=\"margin-top: 20px;\"\n\t\t\t>\n\t\t\t\t<p>Un Viernes al Mes de 18:30 a 20:30hs DIBUJO y PINTURA CON MODELO VIVO\u0093El dibujar es ver Relaciones\u0094 En Taller Artebaz. Un encuentro para compartir modelo Vivo con m\u00fasica.Se dan pautas para: Construcci\u00f3n de la Figura humana: Ejes estructurales, ritmos, desarrollo de la observaci\u00f3n, lo gestual, la geometrizacion en la figura humana, juegos y m\u00e9todos...<a class=\"sow-more-link more-link excerpt\" href=\"https:\/\/artebaz.com.ar\/sitio\/dibujo-con-modelo-vivo\/\">Sigue leyendo<span class=\"sow-more-link-arrow\">&rarr;<\/span><\/a><\/p>\t\t\t<\/div>\n\t\t\t\t<\/div>\n<\/article>\n<article id=\"post-670\" class=\"post-670 post type-post status-publish format-standard has-post-thumbnail hentry category-arte-para-adolescentes-y-adultos category-cursos\" style=\"margin: 0 0 30px;\">\n\t\t\t\t\t<div class=\"sow-entry-thumbnail\">\n\t\t\t\t\t\t\t\t\t\t<a href=\"https:\/\/artebaz.com.ar\/sitio\/cursos-y-seminarios\/\">\n\t\t\t\t\t\t<img loading=\"lazy\" decoding=\"async\" width=\"720\" height=\"480\" src=\"https:\/\/artebaz.com.ar\/sitio\/wp-content\/uploads\/2025\/12\/se_14_comprimido-720x480.jpg\" class=\"attachment-sow-blog-grid size-sow-blog-grid wp-post-image\" alt=\"\" srcset=\"https:\/\/artebaz.com.ar\/sitio\/wp-content\/uploads\/2025\/12\/se_14_comprimido-720x480.jpg 720w, https:\/\/artebaz.com.ar\/sitio\/wp-content\/uploads\/2025\/12\/se_14_comprimido-272x182.jpg 272w\" sizes=\"auto, (max-width: 720px) 100vw, 720px\" \/>\t\t\t\t\t<\/a>\n\t\t\t\t<\/div>\n\t\t\t\t\t\t\t<div class=\"sow-blog-content-wrapper\"\n\t\t style=\"padding: 25px 30px 33px;\">\n\t\t\t\t<header class=\"sow-entry-header\">\n\t\t\t<h2 class=\"sow-entry-title\" style=\"margin: 0 0 5px;\"><a href=\"https:\/\/artebaz.com.ar\/sitio\/cursos-y-seminarios\/\" rel=\"bookmark\">CURSOS y SEMINARIOS<\/a><\/h2>\t\t\t<div class=\"sow-entry-meta\">\n\t\t\t\t\n\t\t\n\t\t\n\t\t\t\t\t<\/div>\n\t\t<\/header>\n\n\t\t\t\t\t<div\n\t\t\t\tclass=\"sow-entry-content\"\n\t\t\t\tstyle=\"margin-top: 20px;\"\n\t\t\t>\n\t\t\t\t<p>00\/00\/00 Consulta por: SEMINARIOS DE COLOR \/ SEMINARIOS DE GRABADO y MONOCOPIAS \/ SEMINARIOS DE ABSTRACCION y FIGURACION \/ SEMINARIOS DE COMPOSICION DE LA OBRA &#8211; Como leer una obra de arte \/ CURSOS VARIOS de T\u00e9cnicas y empleo de Materiales de: DIBUJO &#8211; PINTURA &#8211; GRABADO Y TECNICAS MIXTAShttp:\/\/www.artebaz.com.ar\/contacto-taller-de-arte<a class=\"sow-more-link more-link excerpt\" href=\"https:\/\/artebaz.com.ar\/sitio\/cursos-y-seminarios\/\">Sigue leyendo<span class=\"sow-more-link-arrow\">&rarr;<\/span><\/a><\/p>\t\t\t<\/div>\n\t\t\t\t<\/div>\n<\/article>\n<article id=\"post-646\" class=\"post-646 post type-post status-publish format-standard has-post-thumbnail hentry category-arte-para-adolescentes-y-adultos category-cursos\" style=\"margin: 0 0 30px;\">\n\t\t\t\t\t<div class=\"sow-entry-thumbnail\">\n\t\t\t\t\t\t\t\t\t\t<a href=\"https:\/\/artebaz.com.ar\/sitio\/visitas-de-jardin-de-infantes\/\">\n\t\t\t\t\t\t<img loading=\"lazy\" decoding=\"async\" width=\"720\" height=\"480\" src=\"https:\/\/artebaz.com.ar\/sitio\/wp-content\/uploads\/2025\/12\/se_12_img-20230911-wa0063_2-720x480.jpg\" class=\"attachment-sow-blog-grid size-sow-blog-grid wp-post-image\" alt=\"\" srcset=\"https:\/\/artebaz.com.ar\/sitio\/wp-content\/uploads\/2025\/12\/se_12_img-20230911-wa0063_2-720x480.jpg 720w, https:\/\/artebaz.com.ar\/sitio\/wp-content\/uploads\/2025\/12\/se_12_img-20230911-wa0063_2-272x182.jpg 272w\" sizes=\"auto, (max-width: 720px) 100vw, 720px\" \/>\t\t\t\t\t<\/a>\n\t\t\t\t<\/div>\n\t\t\t\t\t\t\t<div class=\"sow-blog-content-wrapper\"\n\t\t style=\"padding: 25px 30px 33px;\">\n\t\t\t\t<header class=\"sow-entry-header\">\n\t\t\t<h2 class=\"sow-entry-title\" style=\"margin: 0 0 5px;\"><a href=\"https:\/\/artebaz.com.ar\/sitio\/visitas-de-jardin-de-infantes\/\" rel=\"bookmark\">VISITAS DE JARDIN DE INFANTES<\/a><\/h2>\t\t\t<div class=\"sow-entry-meta\">\n\t\t\t\t\n\t\t\n\t\t\n\t\t\t\t\t<\/div>\n\t\t<\/header>\n\n\t\t\t\t\t<div\n\t\t\t\tclass=\"sow-entry-content\"\n\t\t\t\tstyle=\"margin-top: 20px;\"\n\t\t\t>\n\t\t\t\t<p>00\/00\/00 ARTEBAZ abre sus puertas a jardines de infantes para que visiten el taller. Se hace un recorrido por las salas y se explican los procesos de grabado y pintura, finalizando el recorrido con juegos did\u00e1cticos sobre lo que se ha visto. La Salita de 3 y 4 a\u00f1os del Jardin Juan Coghlan visito el...<a class=\"sow-more-link more-link excerpt\" href=\"https:\/\/artebaz.com.ar\/sitio\/visitas-de-jardin-de-infantes\/\">Sigue leyendo<span class=\"sow-more-link-arrow\">&rarr;<\/span><\/a><\/p>\t\t\t<\/div>\n\t\t\t\t<\/div>\n<\/article>\n<article id=\"post-633\" class=\"post-633 post type-post status-publish format-standard has-post-thumbnail hentry category-arte-para-adolescentes-y-adultos category-cursos\" style=\"margin: 0 0 30px;\">\n\t\t\t\t\t<div class=\"sow-entry-thumbnail\">\n\t\t\t\t\t\t\t\t\t\t<a href=\"https:\/\/artebaz.com.ar\/sitio\/alquiler-de-prensa\/\">\n\t\t\t\t\t\t<img loading=\"lazy\" decoding=\"async\" width=\"448\" height=\"299\" src=\"https:\/\/artebaz.com.ar\/sitio\/wp-content\/uploads\/2025\/12\/grabado-2.jpg\" class=\"attachment-sow-blog-grid size-sow-blog-grid wp-post-image\" alt=\"\" srcset=\"https:\/\/artebaz.com.ar\/sitio\/wp-content\/uploads\/2025\/12\/grabado-2.jpg 448w, https:\/\/artebaz.com.ar\/sitio\/wp-content\/uploads\/2025\/12\/grabado-2-300x200.jpg 300w, https:\/\/artebaz.com.ar\/sitio\/wp-content\/uploads\/2025\/12\/grabado-2-272x182.jpg 272w\" sizes=\"auto, (max-width: 448px) 100vw, 448px\" \/>\t\t\t\t\t<\/a>\n\t\t\t\t<\/div>\n\t\t\t\t\t\t\t<div class=\"sow-blog-content-wrapper\"\n\t\t style=\"padding: 25px 30px 33px;\">\n\t\t\t\t<header class=\"sow-entry-header\">\n\t\t\t<h2 class=\"sow-entry-title\" style=\"margin: 0 0 5px;\"><a href=\"https:\/\/artebaz.com.ar\/sitio\/alquiler-de-prensa\/\" rel=\"bookmark\">ALQUILER DE PRENSA<\/a><\/h2>\t\t\t<div class=\"sow-entry-meta\">\n\t\t\t\t\n\t\t\n\t\t\n\t\t\t\t\t<\/div>\n\t\t<\/header>\n\n\t\t\t\t\t<div\n\t\t\t\tclass=\"sow-entry-content\"\n\t\t\t\tstyle=\"margin-top: 20px;\"\n\t\t\t>\n\t\t\t\t<p>01\/02\/14 Se alquila Prensa Calcogr\u00e1fica con asesoramiento y materiales inclu\u00eddos para preparar ex\u00e1menes o trabajos profesionales. Es apta para impresiones en hueco y relieve. &nbsp;<\/p>\t\t\t<\/div>\n\t\t\t\t<\/div>\n<\/article>\n<article id=\"post-625\" class=\"post-625 post type-post status-publish format-standard has-post-thumbnail hentry category-arte-para-adolescentes-y-adultos category-cursos\" style=\"margin: 0 0 30px;\">\n\t\t\t\t\t<div class=\"sow-entry-thumbnail\">\n\t\t\t\t\t\t\t\t\t\t<a href=\"https:\/\/artebaz.com.ar\/sitio\/artebaz\/\">\n\t\t\t\t\t\t<img loading=\"lazy\" decoding=\"async\" width=\"720\" height=\"480\" src=\"https:\/\/artebaz.com.ar\/sitio\/wp-content\/uploads\/2025\/12\/se_7_cursos-taller-artebaz-5-720x480.jpg\" class=\"attachment-sow-blog-grid size-sow-blog-grid wp-post-image\" alt=\"\" srcset=\"https:\/\/artebaz.com.ar\/sitio\/wp-content\/uploads\/2025\/12\/se_7_cursos-taller-artebaz-5-720x480.jpg 720w, https:\/\/artebaz.com.ar\/sitio\/wp-content\/uploads\/2025\/12\/se_7_cursos-taller-artebaz-5-272x182.jpg 272w\" sizes=\"auto, (max-width: 720px) 100vw, 720px\" \/>\t\t\t\t\t<\/a>\n\t\t\t\t<\/div>\n\t\t\t\t\t\t\t<div class=\"sow-blog-content-wrapper\"\n\t\t style=\"padding: 25px 30px 33px;\">\n\t\t\t\t<header class=\"sow-entry-header\">\n\t\t\t<h2 class=\"sow-entry-title\" style=\"margin: 0 0 5px;\"><a href=\"https:\/\/artebaz.com.ar\/sitio\/artebaz\/\" rel=\"bookmark\">ARTEBAZ<\/a><\/h2>\t\t\t<div class=\"sow-entry-meta\">\n\t\t\t\t\n\t\t\n\t\t\n\t\t\t\t\t<\/div>\n\t\t<\/header>\n\n\t\t\t\t\t<div\n\t\t\t\tclass=\"sow-entry-content\"\n\t\t\t\tstyle=\"margin-top: 20px;\"\n\t\t\t>\n\t\t\t\t<p>01\/01\/17 Es un ESPACIO MULTIDISCIPLINARIO. Abierto a proyectos para que Profesores y Licenciados brinden seminarios y cursos.<\/p>\t\t\t<\/div>\n\t\t\t\t<\/div>\n<\/article>\n<article id=\"post-612\" class=\"post-612 post type-post status-publish format-standard has-post-thumbnail hentry category-arte-para-adolescentes-y-adultos category-cursos\" style=\"margin: 0 0 30px;\">\n\t\t\t\t\t<div class=\"sow-entry-thumbnail\">\n\t\t\t\t\t\t\t\t\t\t<a href=\"https:\/\/artebaz.com.ar\/sitio\/clinica-de-obra\/\">\n\t\t\t\t\t\t<img loading=\"lazy\" decoding=\"async\" width=\"720\" height=\"480\" src=\"https:\/\/artebaz.com.ar\/sitio\/wp-content\/uploads\/2025\/12\/se_19_clinica-de-obra-con-florencia-salas-24-720x480.jpg\" class=\"attachment-sow-blog-grid size-sow-blog-grid wp-post-image\" alt=\"\" srcset=\"https:\/\/artebaz.com.ar\/sitio\/wp-content\/uploads\/2025\/12\/se_19_clinica-de-obra-con-florencia-salas-24-720x480.jpg 720w, https:\/\/artebaz.com.ar\/sitio\/wp-content\/uploads\/2025\/12\/se_19_clinica-de-obra-con-florencia-salas-24-272x182.jpg 272w\" sizes=\"auto, (max-width: 720px) 100vw, 720px\" \/>\t\t\t\t\t<\/a>\n\t\t\t\t<\/div>\n\t\t\t\t\t\t\t<div class=\"sow-blog-content-wrapper\"\n\t\t style=\"padding: 25px 30px 33px;\">\n\t\t\t\t<header class=\"sow-entry-header\">\n\t\t\t<h2 class=\"sow-entry-title\" style=\"margin: 0 0 5px;\"><a href=\"https:\/\/artebaz.com.ar\/sitio\/clinica-de-obra\/\" rel=\"bookmark\">CLINICA DE OBRA<\/a><\/h2>\t\t\t<div class=\"sow-entry-meta\">\n\t\t\t\t\n\t\t\n\t\t\n\t\t\t\t\t<\/div>\n\t\t<\/header>\n\n\t\t\t\t\t<div\n\t\t\t\tclass=\"sow-entry-content\"\n\t\t\t\tstyle=\"margin-top: 20px;\"\n\t\t\t>\n\t\t\t\t<p>15\/02\/17 Se organizan cl\u00ednicas de obras con grandes referentes del arte contempor\u00e1neo. Podes pedir hacer cl\u00ednica Grupal o Individual.<\/p>\t\t\t<\/div>\n\t\t\t\t<\/div>\n<\/article>\n<article id=\"post-595\" class=\"post-595 post type-post status-publish format-standard has-post-thumbnail hentry category-arte-para-adolescentes-y-adultos category-cursos\" style=\"margin: 0 0 30px;\">\n\t\t\t\t\t<div class=\"sow-entry-thumbnail\">\n\t\t\t\t\t\t\t\t\t\t<a href=\"https:\/\/artebaz.com.ar\/sitio\/encuentros-de-arte-coordinado-por-florencia-salas\/\">\n\t\t\t\t\t\t<img loading=\"lazy\" decoding=\"async\" width=\"720\" height=\"480\" src=\"https:\/\/artebaz.com.ar\/sitio\/wp-content\/uploads\/2025\/12\/se_18_unnamed-720x480.jpg\" class=\"attachment-sow-blog-grid size-sow-blog-grid wp-post-image\" alt=\"\" srcset=\"https:\/\/artebaz.com.ar\/sitio\/wp-content\/uploads\/2025\/12\/se_18_unnamed-720x480.jpg 720w, https:\/\/artebaz.com.ar\/sitio\/wp-content\/uploads\/2025\/12\/se_18_unnamed-272x182.jpg 272w\" sizes=\"auto, (max-width: 720px) 100vw, 720px\" \/>\t\t\t\t\t<\/a>\n\t\t\t\t<\/div>\n\t\t\t\t\t\t\t<div class=\"sow-blog-content-wrapper\"\n\t\t style=\"padding: 25px 30px 33px;\">\n\t\t\t\t<header class=\"sow-entry-header\">\n\t\t\t<h2 class=\"sow-entry-title\" style=\"margin: 0 0 5px;\"><a href=\"https:\/\/artebaz.com.ar\/sitio\/encuentros-de-arte-coordinado-por-florencia-salas\/\" rel=\"bookmark\">ENCUENTROS DE ARTE &#8211; Coordinado por Florencia Salas<\/a><\/h2>\t\t\t<div class=\"sow-entry-meta\">\n\t\t\t\t\n\t\t\n\t\t\n\t\t\t\t\t<\/div>\n\t\t<\/header>\n\n\t\t\t\t\t<div\n\t\t\t\tclass=\"sow-entry-content\"\n\t\t\t\tstyle=\"margin-top: 20px;\"\n\t\t\t>\n\t\t\t\t<p>ENCUE\u200bN\u200bTROS DE ARTE Florencia Salas nos deleita con un tema de Arte mientras compartimos una comida fraternal entre amigos y colegas. El 3er S\u00e0bado de cada mes te esperamos para compartir momentos de arte! Temas de encuentros realizados: De qu\u00e9 hablamos cuando hablamos de arte Como mirar una obra de arte Gesti\u00f3n personal de la...<a class=\"sow-more-link more-link excerpt\" href=\"https:\/\/artebaz.com.ar\/sitio\/encuentros-de-arte-coordinado-por-florencia-salas\/\">Sigue leyendo<span class=\"sow-more-link-arrow\">&rarr;<\/span><\/a><\/p>\t\t\t<\/div>\n\t\t\t\t<\/div>\n<\/article>\n<article id=\"post-589\" class=\"post-589 post type-post status-publish format-standard has-post-thumbnail hentry category-arte-para-adolescentes-y-adultos category-cursos\" style=\"margin: 0 0 30px;\">\n\t\t\t\t\t<div class=\"sow-entry-thumbnail\">\n\t\t\t\t\t\t\t\t\t\t<a href=\"https:\/\/artebaz.com.ar\/sitio\/taller-de-arte-ninos-y-adolescentes\/\">\n\t\t\t\t\t\t<img loading=\"lazy\" decoding=\"async\" width=\"720\" height=\"480\" src=\"https:\/\/artebaz.com.ar\/sitio\/wp-content\/uploads\/2025\/12\/se_25_img-20250203-wa0072-720x480.jpg\" class=\"attachment-sow-blog-grid size-sow-blog-grid wp-post-image\" alt=\"\" srcset=\"https:\/\/artebaz.com.ar\/sitio\/wp-content\/uploads\/2025\/12\/se_25_img-20250203-wa0072-720x480.jpg 720w, https:\/\/artebaz.com.ar\/sitio\/wp-content\/uploads\/2025\/12\/se_25_img-20250203-wa0072-272x182.jpg 272w\" sizes=\"auto, (max-width: 720px) 100vw, 720px\" \/>\t\t\t\t\t<\/a>\n\t\t\t\t<\/div>\n\t\t\t\t\t\t\t<div class=\"sow-blog-content-wrapper\"\n\t\t style=\"padding: 25px 30px 33px;\">\n\t\t\t\t<header class=\"sow-entry-header\">\n\t\t\t<h2 class=\"sow-entry-title\" style=\"margin: 0 0 5px;\"><a href=\"https:\/\/artebaz.com.ar\/sitio\/taller-de-arte-ninos-y-adolescentes\/\" rel=\"bookmark\">TALLER DE ARTE Ni\u00f1os y Adolescentes<\/a><\/h2>\t\t\t<div class=\"sow-entry-meta\">\n\t\t\t\t\n\t\t\n\t\t\n\t\t\t\t\t<\/div>\n\t\t<\/header>\n\n\t\t\t\t\t<div\n\t\t\t\tclass=\"sow-entry-content\"\n\t\t\t\tstyle=\"margin-top: 20px;\"\n\t\t\t>\n\t\t\t\t<p>01\/02\/23 &nbsp;<\/p>\t\t\t<\/div>\n\t\t\t\t<\/div>\n<\/article>\n<article id=\"post-587\" class=\"post-587 post type-post status-publish format-standard has-post-thumbnail hentry category-arte-para-adolescentes-y-adultos category-cursos\" style=\"margin: 0 0 30px;\">\n\t\t\t\t\t<div class=\"sow-entry-thumbnail\">\n\t\t\t\t\t\t\t\t\t\t<a href=\"https:\/\/artebaz.com.ar\/sitio\/arte-para-adolescentes-y-adultos\/\">\n\t\t\t\t\t\t<img loading=\"lazy\" decoding=\"async\" width=\"720\" height=\"480\" src=\"https:\/\/artebaz.com.ar\/sitio\/wp-content\/uploads\/2025\/12\/se_16_clase1-720x480.jpg\" class=\"attachment-sow-blog-grid size-sow-blog-grid wp-post-image\" alt=\"\" srcset=\"https:\/\/artebaz.com.ar\/sitio\/wp-content\/uploads\/2025\/12\/se_16_clase1-720x480.jpg 720w, https:\/\/artebaz.com.ar\/sitio\/wp-content\/uploads\/2025\/12\/se_16_clase1-272x182.jpg 272w\" sizes=\"auto, (max-width: 720px) 100vw, 720px\" \/>\t\t\t\t\t<\/a>\n\t\t\t\t<\/div>\n\t\t\t\t\t\t\t<div class=\"sow-blog-content-wrapper\"\n\t\t style=\"padding: 25px 30px 33px;\">\n\t\t\t\t<header class=\"sow-entry-header\">\n\t\t\t<h2 class=\"sow-entry-title\" style=\"margin: 0 0 5px;\"><a href=\"https:\/\/artebaz.com.ar\/sitio\/arte-para-adolescentes-y-adultos\/\" rel=\"bookmark\">ARTE PARA ADOLESCENTES Y ADULTOS<\/a><\/h2>\t\t\t<div class=\"sow-entry-meta\">\n\t\t\t\t\n\t\t\n\t\t\n\t\t\t\t\t<\/div>\n\t\t<\/header>\n\n\t\t\t\t\t<div\n\t\t\t\tclass=\"sow-entry-content\"\n\t\t\t\tstyle=\"margin-top: 20px;\"\n\t\t\t>\n\t\t\t\t<p>01\/02\/25 Desarrollo de la observacion. Esquemas compositivos. Desarrollo del potencial creativo. Estudio del color. Paletas personalizadas. Dibujo creativo. Desarrollo del lenguaje visual personal. Variedad de tecnicas: Dibujo con Grafito, carboncillo, tintas, tizas pastel, tecnicas mixtas. Pintura al oleo, acrilico, acuarela, tecnicas mixtas. Grabado tradicional y experimental: xilografia, linoleo, aguafuerte, aguatinta, lapiz graso, litografia, algrafias, Monotipos,...<a class=\"sow-more-link more-link excerpt\" href=\"https:\/\/artebaz.com.ar\/sitio\/arte-para-adolescentes-y-adultos\/\">Sigue leyendo<span class=\"sow-more-link-arrow\">&rarr;<\/span><\/a><\/p>\t\t\t<\/div>\n\t\t\t\t<\/div>\n<\/article>\n\t\t\t<\/div>\n\t\t\t\t\t\t\t\t<\/div>\n\t<\/div><\/div><\/div><\/div><\/div>","protected":false},"excerpt":{"rendered":"<p>ARTEBAZ La misi\u00f3n es: Ampliar el esp\u00edritu, sensibilidad e inteligencia creativa de cada alumno\/a; Colocarse en una actitud critica, de respeto y l\u00fadica hacia la propia obra; Desarrollar la expresi\u00f3n y enriquecer el l\u00e9xico del lenguaje visual personal de cada alumno\/a. Colocar las leyes de la obra y la imaginaci\u00f3n al servicio del proceso creativo&#8230;.<\/p>\n","protected":false},"author":2,"featured_media":0,"parent":0,"menu_order":0,"comment_status":"closed","ping_status":"closed","template":"","meta":{"ngg_post_thumbnail":0,"footnotes":""},"class_list":["post-167","page","type-page","status-publish","hentry","post"],"_links":{"self":[{"href":"https:\/\/artebaz.com.ar\/sitio\/wp-json\/wp\/v2\/pages\/167","targetHints":{"allow":["GET"]}}],"collection":[{"href":"https:\/\/artebaz.com.ar\/sitio\/wp-json\/wp\/v2\/pages"}],"about":[{"href":"https:\/\/artebaz.com.ar\/sitio\/wp-json\/wp\/v2\/types\/page"}],"author":[{"embeddable":true,"href":"https:\/\/artebaz.com.ar\/sitio\/wp-json\/wp\/v2\/users\/2"}],"replies":[{"embeddable":true,"href":"https:\/\/artebaz.com.ar\/sitio\/wp-json\/wp\/v2\/comments?post=167"}],"version-history":[{"count":9,"href":"https:\/\/artebaz.com.ar\/sitio\/wp-json\/wp\/v2\/pages\/167\/revisions"}],"predecessor-version":[{"id":847,"href":"https:\/\/artebaz.com.ar\/sitio\/wp-json\/wp\/v2\/pages\/167\/revisions\/847"}],"wp:attachment":[{"href":"https:\/\/artebaz.com.ar\/sitio\/wp-json\/wp\/v2\/media?parent=167"}],"curies":[{"name":"wp","href":"https:\/\/api.w.org\/{rel}","templated":true}]}}