{"id":19,"date":"2025-10-31T14:56:00","date_gmt":"2025-10-31T14:56:00","guid":{"rendered":"https:\/\/artebaz.com.ar\/sitio\/?page_id=19"},"modified":"2025-12-10T14:00:48","modified_gmt":"2025-12-10T14:00:48","slug":"bio","status":"publish","type":"page","link":"https:\/\/artebaz.com.ar\/sitio\/bio\/","title":{"rendered":"Bio"},"content":{"rendered":"<div id=\"pl-19\"  class=\"panel-layout\" ><div id=\"pg-19-0\"  class=\"panel-grid panel-no-style\" ><div id=\"pgc-19-0-0\"  class=\"panel-grid-cell\" ><div id=\"panel-19-0-0-0\" class=\"so-panel widget widget_sow-image panel-first-child panel-last-child\" data-index=\"0\" ><div\n\t\t\t\n\t\t\tclass=\"so-widget-sow-image so-widget-sow-image-default-8b5b6f678277-19\"\n\t\t\t\n\t\t>\n<div class=\"sow-image-container\">\n\t\t<img \n\tsrc=\"https:\/\/artebaz.com.ar\/sitio\/wp-content\/uploads\/2025\/10\/Silvina_Baz.jpg\" width=\"350\" height=\"466\" srcset=\"https:\/\/artebaz.com.ar\/sitio\/wp-content\/uploads\/2025\/10\/Silvina_Baz.jpg 350w, https:\/\/artebaz.com.ar\/sitio\/wp-content\/uploads\/2025\/10\/Silvina_Baz-225x300.jpg 225w\" sizes=\"(max-width: 350px) 100vw, 350px\" alt=\"\" \t\tclass=\"so-widget-image\"\/>\n\t<\/div>\n\n<\/div><\/div><\/div><div id=\"pgc-19-0-1\"  class=\"panel-grid-cell\" ><div id=\"panel-19-0-1-0\" class=\"so-panel widget widget_sow-editor panel-first-child panel-last-child\" data-index=\"1\" ><div\n\t\t\t\n\t\t\tclass=\"so-widget-sow-editor so-widget-sow-editor-base\"\n\t\t\t\n\t\t>\n<div class=\"siteorigin-widget-tinymce textwidget\">\n\t<p>Silvina Baz nace en Buenos Aires en 1976.<\/p>\n<p>Vivi\u00f3 su infancia y adolescencia en la ciudad tur\u00edstica de Puerto Madryn, provincia de Chubut.<\/p>\n<p>Su anhelo por plasmar los colores de la naturaleza, y de combinar las t\u00e9cnicas de la pintura con sus ideas, la llevaron a trasladarse a la gran ciudad, donde se recibe de Profesora de Bellas Artes en el 2002. All\u00ed descubre su pasi\u00f3n por el grabado y continua su perfeccionamiento con Postgrados en la Escuela Superior de Bellas Artes \"Ernesto de la C\u00e1rcova\".<\/p>\n<p>Su proceso creativo sigue la l\u00ednea de la po\u00e9tica intuitiva, con una visi\u00f3n inspirada en lo social y espiritual, expresado en una armoniosa est\u00e9tica que relaciona la abstracci\u00f3n y la figuraci\u00f3n. La espontaneidad es una caracter\u00edstica de su personalidad, y por ello en la disciplina del grabado se refleja en las monocopias, en los trazos gestuales de las gubias y buriles, y explorando nuevos materiales y soportes para dibujar y pintar.<\/p>\n<p>Su grabado policromo la lleva a relacionar la obra gr\u00e1fica con los medios pict\u00f3ricos; se expresa con libertad en las distintas disciplinas bidimensionales. Su pasion es crear.<\/p>\n<p>Desde el 2003 abre su taller a la docencia de Artes Visuales: Artebaz; un espacio de Arte donde adem\u00e1s de volcar su creatividad y vocaci\u00f3n hacia las artes visuales, orienta y desarrolla el esp\u00edritu art\u00edstico de todos aquellos amantes del arte que deseen iniciarse o perfeccionarse en las artes pl\u00e1sticas. Actualmente Artebaz se ha convertido en un espacio de Arte donde licenciados y profesores encuentran un lugar c\u00e1lido donde compartir sus ideas y conocimientos.<\/p>\n<p>Actualmente, tambien ejerce como profesora de grabado y arte impreso en la ESBA R.E.A.<\/p>\n<\/div>\n<\/div><\/div><\/div><\/div><\/div>","protected":false},"excerpt":{"rendered":"<p>Silvina Baz nace en Buenos Aires en 1976. Vivi\u00f3 su infancia y adolescencia en la ciudad tur\u00edstica de Puerto Madryn, provincia de Chubut. Su anhelo por plasmar los colores de la naturaleza, y de combinar las t\u00e9cnicas de la pintura con sus ideas, la llevaron a trasladarse a la gran ciudad, donde se recibe de [&hellip;]<\/p>\n","protected":false},"author":2,"featured_media":0,"parent":0,"menu_order":0,"comment_status":"closed","ping_status":"closed","template":"","meta":{"ngg_post_thumbnail":0,"footnotes":""},"class_list":["post-19","page","type-page","status-publish","hentry","post"],"_links":{"self":[{"href":"https:\/\/artebaz.com.ar\/sitio\/wp-json\/wp\/v2\/pages\/19","targetHints":{"allow":["GET"]}}],"collection":[{"href":"https:\/\/artebaz.com.ar\/sitio\/wp-json\/wp\/v2\/pages"}],"about":[{"href":"https:\/\/artebaz.com.ar\/sitio\/wp-json\/wp\/v2\/types\/page"}],"author":[{"embeddable":true,"href":"https:\/\/artebaz.com.ar\/sitio\/wp-json\/wp\/v2\/users\/2"}],"replies":[{"embeddable":true,"href":"https:\/\/artebaz.com.ar\/sitio\/wp-json\/wp\/v2\/comments?post=19"}],"version-history":[{"count":5,"href":"https:\/\/artebaz.com.ar\/sitio\/wp-json\/wp\/v2\/pages\/19\/revisions"}],"predecessor-version":[{"id":722,"href":"https:\/\/artebaz.com.ar\/sitio\/wp-json\/wp\/v2\/pages\/19\/revisions\/722"}],"wp:attachment":[{"href":"https:\/\/artebaz.com.ar\/sitio\/wp-json\/wp\/v2\/media?parent=19"}],"curies":[{"name":"wp","href":"https:\/\/api.w.org\/{rel}","templated":true}]}}