{"id":26,"date":"2025-10-31T15:00:51","date_gmt":"2025-10-31T15:00:51","guid":{"rendered":"https:\/\/artebaz.com.ar\/sitio\/?page_id=26"},"modified":"2025-12-09T12:19:24","modified_gmt":"2025-12-09T12:19:24","slug":"distinciones","status":"publish","type":"page","link":"https:\/\/artebaz.com.ar\/sitio\/distinciones\/","title":{"rendered":"Distinciones"},"content":{"rendered":"<p>Obtuvo premios, menciones y obras seleccionadas en importantes salones<a href=\"https:\/\/artebaz.com.ar\/sitio\/wp-content\/uploads\/2025\/10\/Silvina_Baz.jpg\"><img loading=\"lazy\" decoding=\"async\" class=\"alignright wp-image-20 size-full\" src=\"https:\/\/artebaz.com.ar\/sitio\/wp-content\/uploads\/2025\/10\/Silvina_Baz.jpg\" alt=\"\" width=\"350\" height=\"466\" srcset=\"https:\/\/artebaz.com.ar\/sitio\/wp-content\/uploads\/2025\/10\/Silvina_Baz.jpg 350w, https:\/\/artebaz.com.ar\/sitio\/wp-content\/uploads\/2025\/10\/Silvina_Baz-225x300.jpg 225w\" sizes=\"auto, (max-width: 350px) 100vw, 350px\" \/><\/a><\/p>\n<p>_2024<br \/>\n70\u00b0 Salon Anual Nacional de Artes Plasticas. Ciudad de Ceres, Santa Fe.<br \/>\nXX Salon Peque\u00f1o Formato \u00abYolanda E. Diaz\u00bb, Medano &#8211; Multiespacio de Artes del Norte, General Pico La Pampa.<br \/>\n_2023<br \/>\nMencion Grabado. 8vo Salon de Dibujo y Grabado peque\u00f1o formato. Municipalidad de San Salvador de Jujuy.<br \/>\nObra: Reflexion<br \/>\nIX Salon de Grabado Zulema Petruschansky.<br \/>\nObra: Mujeres luchadoras<br \/>\nXXLV Salon Nacional de Entre Rios. Museo Artemio Alisio.<br \/>\nObra: Relfejo Interior.<br \/>\n1er Miniprint Internacional Rio Cuarto.<br \/>\nObra: Mujer de la tierra<br \/>\n3er Bienal Nacional de Grabado. Peque\u00f1o Formato miniprint. Museo de Arte Moderno Mercedes (MAMM).<br \/>\nObra: Hambre<br \/>\n5ta Bienal Internacional de Miniprint de Entre Rios &#8211; Luis Bourband.<br \/>\nObra: Generadora de vida<br \/>\n<strong>_<\/strong>2022<strong><br \/>\n<\/strong>Menci\u00f3n Dibujo. XIV Sal\u00f3n Nacional de Dibujo y Pintura \u201cProf. Jos\u00e9 Rodrigo\u201d de Tres Arroyos, Museo Municipal Jos\u00e9 A. Mulazzi.<br \/>\nObra: Envuelta de amor<br \/>\nI Sal\u00f3n de Artes Graficas. Casa Museo del Grabado \u201cSamuel Buelvas\u201d.<br \/>\nObras: Toca y sana la libertad; Mujer con Palabra.<br \/>\nII Bienal Internacional de Grabado y Arte Impreso. Peque\u00f1o Formato-BIGAI 2021. Departamento de Artes Visuales, Facultad de Artes de la Universidad Nacional de C\u00f3rdoba.<br \/>\nObras: Cimientos, y Complementariedad.<br \/>\nLXII Sal\u00f3n de Oto\u00f1o de San Fernando, organizado por El Ateneo Popular Esteban Echeverr\u00eda.<br \/>\nObra: Puntos cardinales<br \/>\nXXIX Sal\u00f3n de Pintura \u201cCiudad de General Pico\u201d La Pampa.<br \/>\nObra: Metamorfosis en vuelo y espacio<br \/>\nMiniprint Internacional de Entre Rios \u201cLuis Bourband\u201d. Museo Provincial del Dibujo y Grabado Artemio Alisio.<br \/>\nObras: Generadora de Vida; Laberintos de la vida.<br \/>\n<span lang=\"ES\">_2021<br \/>\n<\/span><span lang=\"ES\">1er PREMIO Grabado.&nbsp;<\/span><span lang=\"ES\">XXX Salon Nacional Peque\u00f1o Formato 2021. Organizado por La Municipalidad de Tres de Febrero y la Sociedad de Artistas Pl\u00e1sticos Independientes (S.A.P.I.)<br \/>\n<\/span><span lang=\"ES\">Obra: Generadora de Vida<\/span><span lang=\"ES\"><br \/>\n<\/span><span lang=\"ES\">1er PREMIO Pintura.&nbsp;<\/span><span lang=\"ES\">XXX Salon Nacional Peque\u00f1o Formato 2021. Organizado por La Municipalidad de Tres de Febrero y la Sociedad de Artistas Pl\u00e1sticos Independientes (S.A.P.I.)<br \/>\nObra: Luz de Discernimiento<br \/>\n<\/span><span lang=\"ES\">Seleccionada Monocopia.&nbsp;<\/span><span lang=\"ES\">65\u00b0 Salon Municipal Manuel Belgrano. Museos Sivori.<br \/>\nObra: Otra Mirada<br \/>\n<\/span>MENCION. VII Salon de&nbsp;<span lang=\"ES\">Grabado \u00abZulema Petruschansky\u00bb, Asociacion Estimulo de Bellas Artes.<br \/>\nObra: Anfora Divina<br \/>\n<\/span>MENCION.&nbsp;<span lang=\"ES\">Concurso de Grabado \u00abCatalina M\u00f3rtola\u00bb, Ateneo Popular de la Boca.<br \/>\nObra: Inaccion en la Accion. E\/V<br \/>\n<\/span><span lang=\"ES\">On Paper.&nbsp;7\u00ba Concurso anual internacional de Grabado. Barcelona Espa\u00f1a.<br \/>\nObra: Reflexion. Serie Sentimientos en Pandemia.<br \/>\n<\/span><span lang=\"ES\">Concurso de Pintura \u201cAmelia Pilone\u201d. Direcci\u00f3n de Cultura de la Municipalidad de Gral. Rodr\u00edguez.<br \/>\nObra: Lazos<br \/>\n<\/span><span lang=\"ES\">XXII Sal\u00f3n Nacional de Entre Rios Grabado. Museo Artemio Alisio.<br \/>\nObra: Interior<br \/>\nBIGAI I Bienal Internacional de Grabado y Arte Impreso en Peque\u00f1o Formato. Facultad de Artes Ciudad de Cordoba.<br \/>\nIII Convocatoria de Peque\u00f1o formato \u00abAgua, Fuego, Tierra, Aire, Diversidad\u00bb Organizado por Grupo Humano Parana, Entre Rios.<br \/>\nObra: Luna radiante E\/V<br \/>\nI Miniprint Internacional. Mes del grabado Pergamino. Centro Cultural Registrarte.<br \/>\nObra: Una sola pluma<br \/>\n<\/span>_2020<br \/>\n<span lang=\"ES\">1ra MENCION. \u201cIn memoriam 2020\u201d. Galer\u00eda Nerja.&nbsp;<\/span><span lang=\"ES\">Pintura.<br \/>\nObra: Reflejo de Misericordia<br \/>\nIII Miniprint Internacional Cantabria. \u201cEl mar y los faros\u201d. Espa\u00f1a.<br \/>\nObra: Paleta de luz<br \/>\nMiniprint Internacional de Entre R\u00edos- 2020. Luis Bourband.<br \/>\nObra: Mar de Vida. Serie Mirada Metaforica.<br \/>\n8\u00ba Edici\u00f3n internacional de Miniprint Rosario 2020. Organizado por ESBA&nbsp;<\/span><span lang=\"ES\">Facultad de Humanidades y Artes Universidad Nacional de Rosario.<br \/>\nObra: Saliendo de la Cuarentena<br \/>\nVI Sal\u00f3n de Grabado Zulema Petruschansky. Asociaci\u00f3n Estimulo de Bellas Artes.<br \/>\nObra: La Inspiracion<br \/>\n<\/span><span lang=\"ES\">IV Bienal de Arte Atuel Dibujo y Grabado. Municipalidad de General Alvear.&nbsp;Obras seleccionadas: Grabado: Ante la mirada ajena; Dibujos: Contemplaci\u00f3n, originarios y origines y Justicia.<br \/>\nMuestra Virtual Internacional de Grabado \u201cExpectativas y Realidad\u201d. Organizado por Colectivo de Grabado Fondo Blanco, Mendoza.<br \/>\nObras: Alguien gu\u00eda nuestro camino, Plumas de aguila.<br \/>\n<\/span><span lang=\"ES\">_2019<br \/>\n<\/span><span lang=\"ES\">II Miniprint Internacional Cantabria.&nbsp;<\/span><span lang=\"ES\">\u201cEl mar y los faros\u201d. Espa\u00f1a.<br \/>\nXXVI Sal\u00f3n Nacional de Peque\u00f1o Formato Museo de Tandil MUMBAT.<br \/>\nObra: Plumas de Aguila<br \/>\n<\/span>XX Sal\u00f3n Nacional de Grabado de la Provincia de Entre R\u00edos.<br \/>\nObra: Tu estas conmigo<br \/>\nX Sal\u00f3n Anual Nacional del Bicentenario \u2013 Grabado.<br \/>\nObra: Justicia Desvaida<br \/>\nI Bienal Internacional de Grabado y Arte Impreso Dpto Artes FA UNC Peque\u00f1o formato: Genero\/Diversidad. Paran\u00e1, Entre Rios.<br \/>\nObra: Instrumento de unidad E\/V<br \/>\n_2018<br \/>\nMENCION grabado. VIII Certamen Nacional de Grabado Peque\u00f1o formato. Homenaje a Norberto Onofrio. Organizado por Xylon.<br \/>\nObra: Visiones E\/V<br \/>\n62\u00ba Edicion Manuel Belgrano. Museo Sivori<br \/>\nObra: Torso alado con Sol<br \/>\n_2017<br \/>\nMENCION Grabado. Salon Homenaje a Zulema Petruchansky. Estimulo de Bellas Artes.<br \/>\nObra: Con todos.<br \/>\n60\u00ba Salon Municipal de Artes Plasticas Manuel Belgrano. Seccion Monocopia y Seccion Grabado.<br \/>\nObras: Mujer pluma-Seccion Grabado \/ Totem alado-Seccion Monocopia<br \/>\n9\u00ba Edicion 2017 &#8211; Seccion Grabado Salon de Artes Visuales Provincia de La Pampa Museo Provincial de las Artes.<br \/>\nObra: Mujer pluma con lirio<br \/>\nVI Salon Peque\u00f1o formato Casa Carnacini.<br \/>\nObra: Un nuevo impulso.<br \/>\n_2016<br \/>\n1er PREMIO Grabado. I Bienal Arequera de Grabado \u00abAdolfo Bellocq\u00bb. Museo Municipal de Artes Plasticas Juan Bautista Tapia.<br \/>\nObra: Peluqueria del pintor.<br \/>\nXVII Salon Nacional de Dibujo. Museo Artemio Alisio, Entre Rios.<br \/>\nObra: Hombre reloj<br \/>\nMiniprint Internacional Parana. UCA Facultad \u00abTeresa de Avila\u00bb<br \/>\n_2015<br \/>\n1er PREMIO Grabado. 28\u00b0 Concurso Artes Plasticas CPCE. 3er Salon Bienal Nacional de Grabado.&nbsp;Obra:\u00bbCiclos de la Naturaleza\u00bb. Monotipo mixto.<br \/>\n60\u00ba Salon Municipal de Artes Plasticas Manuel Belgrano. Museo Sivori.<br \/>\nGrabado: \u00abInspitracion, fruto de Dios\u00bb 1\/10 Monocopia: \u00abTotem alado\u00bb<br \/>\nXVI Salon Nacional Museo Artemio Alisio Grabado.<br \/>\nReconstruccion del manifiesto.<br \/>\n3er Salon Bienal Nacional de Grabado. Museo Municipal de Artes Visuales Victor Roverano.<br \/>\nCon el sol y la luna.<br \/>\n_2014<br \/>\nMENCION Grabado. 6ta Miniprint Internacional Rosario 2014.<br \/>\nLuz del Discernimiento.<br \/>\nSalon Primavera XX San Fernando. Exposicion en Palacio Sans Souci.<br \/>\nObra: Pausa, luz serena.<br \/>\nXV Salon Nacional de Dibujo y Grabado 2014- Museo Artemio Alisio.<br \/>\nGrabado. Obra: En tiempo y espacio. E\/V<br \/>\nSalon de Artes Visuales de la Provincia de la Pampa. Grabado 2014.<br \/>\nObra: Papeles, libros y revelacion. E\/V.<br \/>\nMiniprint2014&nbsp; Centro Edicion.<br \/>\nObra: Alguien guia nuestro camino \/&nbsp; Horizonte de libertad \/ Escasez de alimento \/ Profundo sentido del yo.<br \/>\nConcurso Internacional de Fotografia Erotica. Organizado por Te Matare Ramirez y Club Fotografico Lanus.<br \/>\n_2013<br \/>\n2do PREMIO. XII Salon Peque\u00f1o formato Edicion 2013. La Municipalidad de la Ciudad de General Pico, a traves de la Direccion de Cultura y Educacion.<br \/>\nObra: Edifica su casa sobre las rocas.<br \/>\nXIV Salon Nacional Anual de Dibujo y Grabado de Entre Rios 2013&nbsp; Museo Artemio Alisio.<br \/>\nObras Dibujo: Tramas Mentales. Grabado: Las aves y los mamiferos son seres so\u00f1adores.<br \/>\nIV Salon Anual Nacional del Bicentenario&nbsp; 2013 Grabado.&nbsp; Concordia Entre Rios.<br \/>\nObra Seleccionada: Ante la mirada Ajena.<br \/>\nXII Salon peque\u00f1o formato. Quinta Trabucco. Vicente Lopez.<br \/>\nObra Seleccionada: Luz divina.<br \/>\nLXXXIX Salon de Mayo. MPBA Rosa Galisteo de Rodriguez. Santa Fe.<br \/>\nObras: Mujer ante el Espejo XII \/ Estado Espiritual legado. (Grabados)<br \/>\n2do PREMIO. Grabado. Galeria Forma.<br \/>\nObra: Vanidad, llena de si misma. (Monocopia)<br \/>\n_2012<br \/>\nMENCION HONORIFICA. Monocopia. LVII SALON DE ARTES PLASTICAS MANUEL BELGRANO<br \/>\nObra: Desesperanza, que hay detras?<br \/>\nXIII Salon Nacional Anual Artemio Alisio de Dibujo y Grabado &#8211; Entre Rios 2012.<br \/>\nObra: seleccionado Dibujo Menos tiempo que lugar \/ Grabado Imperfeccion, murralla en ruinas.<br \/>\nI Bienal de Dibujo &#8211; Premio Lino Eneas Spilimbergo &#8211; SAAP 2012.<br \/>\nObra: La rueca, El destino.<br \/>\nPREMIO UNICO de Grabado. Casal de Catalunya.<br \/>\nObra: Cambio de Sexo<br \/>\nXI Salon dePeque\u00f1o Formato- Edicion2012. General Pico.&nbsp;Municipalidad de General Pico, LaPampa; a traves de la Direccion de Cultura y Educacion.<br \/>\nObra Seleccionada: Boceto Mujer ante el espejo XVI -Presencia externa.<br \/>\nMENCION dibujo.<strong>&nbsp;<\/strong>II Salon Invierno. SAAP.<br \/>\nObra:Gestacion.<br \/>\n3er PREMIO Grabado. II Salon Invierno. SAAP.<br \/>\nObra: Espectante. Monocopia.<br \/>\n1er PREMIO Dibujo<strong>.<\/strong>&nbsp;III Salon Homenaje a la Mujer &#8211; Premio Raquel Forner &#8211; SAAP.<br \/>\nObra: Dorso<br \/>\n_2011<br \/>\nXVIII Salon de Artes Plasticas SAAP MORON\/ AMAP<br \/>\nObra: Pensante<br \/>\nXVIII Salon de Artes Plasticas SAAP MORON\/ AMAP<br \/>\nObra: GrabadoPropio o Impropio?<br \/>\nARTVILO 2011 Salon de Pintura. Museo Raggio.<br \/>\nObra: Reflexiva<br \/>\n_2010<br \/>\nSALON DE GRABADO EDICION 2010. Museo de Bellas Artes de Tandil.<br \/>\nObra: Mujer ante el espejo XVI.<br \/>\nTrienal de Grabado Peque\u00f1o Formato y Ex-libris. XYLON Argentina.<br \/>\nObra: Gritando con todos los sentidos<br \/>\nMENCION DE HONOR MONOCOPIA. Salon de Verano 2010. Galeria Forma.<br \/>\nPremios a la Creacion Artistica 2010. Universidad de Belgrano.<br \/>\nObra: Pintura Direccion Interna<br \/>\n_2009<br \/>\n1er PREMIO DIBUJO. I Salon. Galeria LOP Artistas.<br \/>\nObra: Dibujo Cambio de Sexo<br \/>\nGran Premio 2009 ARCHES-CANSON. Museo Maguncia.<br \/>\nObras Seleccionadas Monocopias. Mujer ante el espejo VII \/ Mujer ante el espejo X<br \/>\n3er PREMIO GRABADO. Salon de Verano 2009. Galeria Forma.<br \/>\nObra: Monocopia Mujer ante el espejo IV<br \/>\n_2008<br \/>\n2do PREMIO Grabado. Salon Aniversario 2008. Galeria Braque.<br \/>\nOrba: Torso II<br \/>\nEx Libris. Tema: Mitos y Leyendas. XYLON Argentina.<br \/>\n_2003<br \/>\nMENCION Monocopia V Salon Espacio Loft Alfa.<br \/>\nObra: Grabado Ramas Astrales<br \/>\n_2002<br \/>\nMultiespacio Pabellon IV. Salon Nacional de Artistas Emergentes.<br \/>\nObra Seleccionada: Monocopia y collage. Jurado Clorindo Testa \/ Rub\u00ef\u00bf\u00bdn Grau<br \/>\n_2001<br \/>\nEstampa 2001. Organizado por Tina Di Primio &#8211; Espacio Giesso&nbsp; Reich.<br \/>\n_1999<br \/>\nMENCION Grabado IV Salon Peque\u00f1o Formato EdeA.<br \/>\nObra: Fondo Marino<br \/>\nV Encuentro de Pintores y Dibujantes con Bollini.<br \/>\nObra Seleccionada: Pintura Dualidad<\/p>\n","protected":false},"excerpt":{"rendered":"<p>Obtuvo premios, menciones y obras seleccionadas en importantes salones _2024 70\u00b0 Salon Anual Nacional de Artes Plasticas. Ciudad de Ceres, Santa Fe. XX Salon Peque\u00f1o Formato \u00abYolanda E. Diaz\u00bb, Medano &#8211; Multiespacio de Artes del Norte, General Pico La Pampa. _2023 Mencion Grabado. 8vo Salon de Dibujo y Grabado peque\u00f1o formato. Municipalidad de San Salvador [&hellip;]<\/p>\n","protected":false},"author":2,"featured_media":0,"parent":0,"menu_order":0,"comment_status":"closed","ping_status":"closed","template":"","meta":{"ngg_post_thumbnail":0,"footnotes":""},"class_list":["post-26","page","type-page","status-publish","hentry","post"],"_links":{"self":[{"href":"https:\/\/artebaz.com.ar\/sitio\/wp-json\/wp\/v2\/pages\/26","targetHints":{"allow":["GET"]}}],"collection":[{"href":"https:\/\/artebaz.com.ar\/sitio\/wp-json\/wp\/v2\/pages"}],"about":[{"href":"https:\/\/artebaz.com.ar\/sitio\/wp-json\/wp\/v2\/types\/page"}],"author":[{"embeddable":true,"href":"https:\/\/artebaz.com.ar\/sitio\/wp-json\/wp\/v2\/users\/2"}],"replies":[{"embeddable":true,"href":"https:\/\/artebaz.com.ar\/sitio\/wp-json\/wp\/v2\/comments?post=26"}],"version-history":[{"count":2,"href":"https:\/\/artebaz.com.ar\/sitio\/wp-json\/wp\/v2\/pages\/26\/revisions"}],"predecessor-version":[{"id":138,"href":"https:\/\/artebaz.com.ar\/sitio\/wp-json\/wp\/v2\/pages\/26\/revisions\/138"}],"wp:attachment":[{"href":"https:\/\/artebaz.com.ar\/sitio\/wp-json\/wp\/v2\/media?parent=26"}],"curies":[{"name":"wp","href":"https:\/\/api.w.org\/{rel}","templated":true}]}}