{"id":539,"date":"2025-12-05T17:30:55","date_gmt":"2025-12-05T17:30:55","guid":{"rendered":"https:\/\/artebaz.com.ar\/sitio\/?page_id=539"},"modified":"2025-12-05T17:34:15","modified_gmt":"2025-12-05T17:34:15","slug":"contacto-2","status":"publish","type":"page","link":"https:\/\/artebaz.com.ar\/sitio\/contacto-2\/","title":{"rendered":"Contacto"},"content":{"rendered":"<div id=\"pl-539\"  class=\"panel-layout\" ><div id=\"pg-539-0\"  class=\"panel-grid panel-no-style\" ><div id=\"pgc-539-0-0\"  class=\"panel-grid-cell\" ><div id=\"panel-539-0-0-0\" class=\"widget_text so-panel widget widget_custom_html panel-first-child panel-last-child\" data-index=\"0\" ><div class=\"textwidget custom-html-widget\"><iframe loading=\"lazy\" src=\"https:\/\/www.google.com\/maps\/d\/embed?mid=1NIU2Fs3LRlMxQ_d2FOGgOZRcRNA&hl=es&ehbc=2E312F\" width=\"100%\" height=\"480\"><\/iframe><\/div><\/div><\/div><div id=\"pgc-539-0-1\"  class=\"panel-grid-cell\" ><div id=\"panel-539-0-1-0\" class=\"widget_text so-panel widget widget_custom_html panel-first-child panel-last-child\" data-index=\"1\" ><div class=\"textwidget custom-html-widget\"><style id=\"wpforms-css-vars-146\">\n\t\t\t\t#wpforms-146 {\n\t\t\t\t--wpforms-container-padding: 0px;\n--wpforms-container-border-width: 1px;\n--wpforms-container-border-radius: 3px;\n--wpforms-background-color: rgba(0, 0, 0, 0);\n--wpforms-field-size-input-height: 43px;\n--wpforms-field-size-input-spacing: 15px;\n--wpforms-field-size-font-size: 16px;\n--wpforms-field-size-line-height: 19px;\n--wpforms-field-size-padding-h: 14px;\n--wpforms-field-size-checkbox-size: 16px;\n--wpforms-field-size-sublabel-spacing: 5px;\n--wpforms-field-size-icon-size: 1;\n--wpforms-label-size-font-size: 16px;\n--wpforms-label-size-line-height: 19px;\n--wpforms-label-size-sublabel-font-size: 14px;\n--wpforms-label-size-sublabel-line-height: 17px;\n--wpforms-button-size-font-size: 17px;\n--wpforms-button-size-height: 41px;\n--wpforms-button-size-padding-h: 15px;\n--wpforms-button-size-margin-top: 10px;\n--wpforms-container-shadow-size-box-shadow: none;\n\t\t\t}\n\t\t\t<\/style><div class=\"wpforms-container wpforms-container-full wpforms-render-modern\" id=\"wpforms-146\"><form id=\"wpforms-form-146\" class=\"wpforms-validate wpforms-form wpforms-ajax-form\" data-formid=\"146\" method=\"post\" enctype=\"multipart\/form-data\" action=\"\/sitio\/wp-json\/wp\/v2\/pages\/539\" data-token=\"70fc29a5d1f839cb18923021dfcb0d13\" data-token-time=\"1777443591\"><noscript class=\"wpforms-error-noscript\">Por favor, activa JavaScript en tu navegador para completar este formulario.<\/noscript><div id=\"wpforms-error-noscript\" style=\"display: none;\">Por favor, activa JavaScript en tu navegador para completar este formulario.<\/div><div class=\"wpforms-field-container\"><div id=\"wpforms-146-field_1-container\" class=\"wpforms-field wpforms-field-name\" data-field-id=\"1\"><fieldset><legend class=\"wpforms-field-label\">Nombre <span class=\"wpforms-required-label\" aria-hidden=\"true\">*<\/span><\/legend><div class=\"wpforms-field-row wpforms-field-medium\"><div class=\"wpforms-field-row-block wpforms-first wpforms-one-half\"><input type=\"text\" id=\"wpforms-146-field_1\" class=\"wpforms-field-name-first wpforms-field-required\" name=\"wpforms[fields][1][first]\" aria-errormessage=\"wpforms-146-field_1-error\" required><label for=\"wpforms-146-field_1\" class=\"wpforms-field-sublabel after\">Nombre<\/label><\/div><div class=\"wpforms-field-row-block wpforms-one-half\"><input type=\"text\" id=\"wpforms-146-field_1-last\" class=\"wpforms-field-name-last wpforms-field-required\" name=\"wpforms[fields][1][last]\" aria-errormessage=\"wpforms-146-field_1-last-error\" required><label for=\"wpforms-146-field_1-last\" class=\"wpforms-field-sublabel after\">Apellidos<\/label><\/div><\/div><\/fieldset><\/div><div id=\"wpforms-146-field_2-container\" class=\"wpforms-field wpforms-field-email\" data-field-id=\"2\"><label class=\"wpforms-field-label\" for=\"wpforms-146-field_2\">Correo electr\u00f3nico <span class=\"wpforms-required-label\" aria-hidden=\"true\">*<\/span><\/label><input type=\"email\" id=\"wpforms-146-field_2\" class=\"wpforms-field-medium wpforms-field-required\" name=\"wpforms[fields][2]\" spellcheck=\"false\" aria-errormessage=\"wpforms-146-field_2-error\" required><\/div>\t\t<div id=\"wpforms-146-field_4-container\"\n\t\t\tclass=\"wpforms-field wpforms-field-text\"\n\t\t\tdata-field-type=\"text\"\n\t\t\tdata-field-id=\"4\"\n\t\t\t>\n\t\t\t<label class=\"wpforms-field-label\" for=\"wpforms-146-field_4\" >o Comentario Nombre<\/label>\n\t\t\t<input type=\"text\" id=\"wpforms-146-field_4\" class=\"wpforms-field-medium\" name=\"wpforms[fields][4]\" >\n\t\t<\/div>\n\t\t<div id=\"wpforms-146-field_3-container\" class=\"wpforms-field wpforms-field-textarea\" data-field-id=\"3\"><label class=\"wpforms-field-label\" for=\"wpforms-146-field_3\">Comentario o mensaje<\/label><textarea id=\"wpforms-146-field_3\" class=\"wpforms-field-medium\" name=\"wpforms[fields][3]\" aria-errormessage=\"wpforms-146-field_3-error\" ><\/textarea><\/div><script>\n\t\t\t\t( function() {\n\t\t\t\t\tconst style = document.createElement( 'style' );\n\t\t\t\t\tstyle.appendChild( document.createTextNode( '#wpforms-146-field_4-container { position: absolute !important; overflow: hidden !important; display: inline !important; height: 1px !important; width: 1px !important; z-index: -1000 !important; padding: 0 !important; } #wpforms-146-field_4-container input { visibility: hidden; } #wpforms-conversational-form-page #wpforms-146-field_4-container label { counter-increment: none; }' ) );\n\t\t\t\t\tdocument.head.appendChild( style );\n\t\t\t\t\tdocument.currentScript?.remove();\n\t\t\t\t} )();\n\t\t\t<\/script><\/div><!-- .wpforms-field-container --><div class=\"wpforms-submit-container\" ><input type=\"hidden\" name=\"wpforms[id]\" value=\"146\"><input type=\"hidden\" name=\"page_title\" value=\"\"><input type=\"hidden\" name=\"page_url\" value=\"https:\/\/artebaz.com.ar\/sitio\/wp-json\/wp\/v2\/pages\/539\"><input type=\"hidden\" name=\"url_referer\" value=\"\"><button type=\"submit\" name=\"wpforms[submit]\" id=\"wpforms-submit-146\" class=\"wpforms-submit\" data-alt-text=\"Enviando...\" data-submit-text=\"Enviar\" aria-live=\"assertive\" value=\"wpforms-submit\">Enviar<\/button><img loading=\"lazy\" decoding=\"async\" src=\"https:\/\/artebaz.com.ar\/sitio\/wp-content\/plugins\/wpforms-lite\/assets\/images\/submit-spin.svg\" class=\"wpforms-submit-spinner\" style=\"display: none;\" width=\"26\" height=\"26\" alt=\"Cargando\"><\/div><\/form><\/div>  <!-- .wpforms-container --><\/div><\/div><\/div><\/div><div id=\"pg-539-1\"  class=\"panel-grid panel-no-style\" ><div id=\"pgc-539-1-0\"  class=\"panel-grid-cell\" ><div id=\"panel-539-1-0-0\" class=\"so-panel widget widget_sow-editor panel-first-child panel-last-child\" data-index=\"2\" ><div\n\t\t\t\n\t\t\tclass=\"so-widget-sow-editor so-widget-sow-editor-base\"\n\t\t\t\n\t\t>\n<div class=\"siteorigin-widget-tinymce textwidget\">\n\t<div id=\"mapuc\">\n<div id=\"map_info\">\n<div class=\"mp_bus\"><strong>Colectivos<\/strong>: 114- 133 - 93 - 107- 140 - 41 - 169 - 175 - 168 - 71 - 176 -76<\/div>\n<div class=\"mp_tra\"><strong>Trenes<\/strong>: Estaci\u00f3n Luis Mar\u00eda Drago - Ferrocarril Mitre.<\/div>\n<div class=\"mp_sub\"><strong>Subte<\/strong>: L\u00ednea B: Estaci\u00f3n Los Incas (10 cuadras)<br \/>\nEstaci\u00f3n Juan Manuel de Rosas (6 cuadras).<\/div>\n<\/div>\n<\/div>\n<div class=\"tits2\"><strong>Sitios Relacionados<\/strong><\/div>\n<p><a href=\"http:\/\/www.fundacionartedelasamericas.com\/\" target=\"_blank\" rel=\"nofollow noopener\">Fundaci\u00f3n Arte de las Americas<\/a><br \/>\n<a href=\"https:\/\/www.activosdevalor.com.ar\/artista.php?aid=10\" target=\"_blank\" rel=\"nofollow noopener\">Activos de Valor<\/a><\/p>\n<\/div>\n<\/div><\/div><\/div><\/div><\/div>","protected":false},"excerpt":{"rendered":"<p>Colectivos: 114- 133 &#8211; 93 &#8211; 107- 140 &#8211; 41 &#8211; 169 &#8211; 175 &#8211; 168 &#8211; 71 &#8211; 176 -76 Trenes: Estaci\u00f3n Luis Mar\u00eda Drago &#8211; Ferrocarril Mitre. Subte: L\u00ednea B: Estaci\u00f3n Los Incas (10 cuadras) Estaci\u00f3n Juan Manuel de Rosas (6 cuadras). Sitios Relacionados Fundaci\u00f3n Arte de las Americas Activos de Valor<\/p>\n","protected":false},"author":2,"featured_media":0,"parent":0,"menu_order":0,"comment_status":"closed","ping_status":"closed","template":"","meta":{"ngg_post_thumbnail":0,"footnotes":""},"class_list":["post-539","page","type-page","status-publish","hentry","post"],"_links":{"self":[{"href":"https:\/\/artebaz.com.ar\/sitio\/wp-json\/wp\/v2\/pages\/539","targetHints":{"allow":["GET"]}}],"collection":[{"href":"https:\/\/artebaz.com.ar\/sitio\/wp-json\/wp\/v2\/pages"}],"about":[{"href":"https:\/\/artebaz.com.ar\/sitio\/wp-json\/wp\/v2\/types\/page"}],"author":[{"embeddable":true,"href":"https:\/\/artebaz.com.ar\/sitio\/wp-json\/wp\/v2\/users\/2"}],"replies":[{"embeddable":true,"href":"https:\/\/artebaz.com.ar\/sitio\/wp-json\/wp\/v2\/comments?post=539"}],"version-history":[{"count":3,"href":"https:\/\/artebaz.com.ar\/sitio\/wp-json\/wp\/v2\/pages\/539\/revisions"}],"predecessor-version":[{"id":542,"href":"https:\/\/artebaz.com.ar\/sitio\/wp-json\/wp\/v2\/pages\/539\/revisions\/542"}],"wp:attachment":[{"href":"https:\/\/artebaz.com.ar\/sitio\/wp-json\/wp\/v2\/media?parent=539"}],"curies":[{"name":"wp","href":"https:\/\/api.w.org\/{rel}","templated":true}]}}